{"id":7,"date":"2021-12-30T14:17:22","date_gmt":"2021-12-30T13:17:22","guid":{"rendered":"https:\/\/www.les-orphelins-du-benin.org\/?page_id=7"},"modified":"2022-12-05T23:09:33","modified_gmt":"2022-12-05T22:09:33","slug":"contact","status":"publish","type":"page","link":"https:\/\/www.les-orphelins-du-benin.org\/index.php\/contact\/","title":{"rendered":"Contact"},"content":{"rendered":"\n<p>Notre pr\u00e9c\u00e9dent site web a malheureusement disparu , car nous faisions parti des sites h\u00e9berg\u00e9s \u00e0 Strasbourg, victime d&rsquo;un incendie&nbsp;!<\/p>\n\n\n\n<p>Le pr\u00e9sident de l&rsquo;association est Alain RAFFOUR.<\/p>\n\n\n\n<p><br>Pour nous contacter vous pouvez nous \u00e9crire pour adh\u00e9rer (30 euros\/an) et ou faire un don, et vous recevrez un re\u00e7u fiscal au si\u00e8ge social.<\/p>\n\n\n\n<p><br>Les Orphelins du B\u00e9nin<br>Le Lauguet<br>05 230 PRUNIERES<br>Mail&nbsp;; alainraffour@gmail.com<br>T\u00e9l\u00e9phone&nbsp;; +33 (0)610605590<\/p>\n","protected":false},"excerpt":{"rendered":"<p>Notre pr\u00e9c\u00e9dent site web a malheureusement disparu , car nous faisions parti des sites h\u00e9berg\u00e9s \u00e0 Strasbourg, victime d&rsquo;un incendie&nbsp;! Le pr\u00e9sident de l&rsquo;association est Alain RAFFOUR. Pour nous contacter vous pouvez nous \u00e9crire pour adh\u00e9rer (30 euros\/an) et ou faire un don, et vous recevrez un re\u00e7u fiscal au&#8230; <a class=\"continue-reading-link\" href=\"https:\/\/www.les-orphelins-du-benin.org\/index.php\/contact\/\">Continue reading<\/a><\/p>\n","protected":false},"author":1,"featured_media":0,"parent":0,"menu_order":0,"comment_status":"closed","ping_status":"closed","template":"","meta":{"footnotes":""},"class_list":["post-7","page","type-page","status-publish","hentry"],"_links":{"self":[{"href":"https:\/\/www.les-orphelins-du-benin.org\/index.php\/wp-json\/wp\/v2\/pages\/7","targetHints":{"allow":["GET"]}}],"collection":[{"href":"https:\/\/www.les-orphelins-du-benin.org\/index.php\/wp-json\/wp\/v2\/pages"}],"about":[{"href":"https:\/\/www.les-orphelins-du-benin.org\/index.php\/wp-json\/wp\/v2\/types\/page"}],"author":[{"embeddable":true,"href":"https:\/\/www.les-orphelins-du-benin.org\/index.php\/wp-json\/wp\/v2\/users\/1"}],"replies":[{"embeddable":true,"href":"https:\/\/www.les-orphelins-du-benin.org\/index.php\/wp-json\/wp\/v2\/comments?post=7"}],"version-history":[{"count":3,"href":"https:\/\/www.les-orphelins-du-benin.org\/index.php\/wp-json\/wp\/v2\/pages\/7\/revisions"}],"predecessor-version":[{"id":112,"href":"https:\/\/www.les-orphelins-du-benin.org\/index.php\/wp-json\/wp\/v2\/pages\/7\/revisions\/112"}],"wp:attachment":[{"href":"https:\/\/www.les-orphelins-du-benin.org\/index.php\/wp-json\/wp\/v2\/media?parent=7"}],"curies":[{"name":"wp","href":"https:\/\/api.w.org\/{rel}","templated":true}]}}